{"id":131,"date":"2022-09-22T14:44:58","date_gmt":"2022-09-22T14:44:58","guid":{"rendered":"https:\/\/anton-vogel.de\/?page_id=131"},"modified":"2022-09-27T14:57:29","modified_gmt":"2022-09-27T14:57:29","slug":"ueber-mich","status":"publish","type":"page","link":"https:\/\/anton-vogel.de\/?page_id=131","title":{"rendered":"Mein pers\u00f6nlicher Hintergrund"},"content":{"rendered":"<h1><span style=\"color: #333333;\"><strong>Pers\u00f6nliches<\/strong><\/span><\/h1>\n<p><span style=\"color: #666699;\">Aufgewachsen bin ich in S\u00fcdoldenburg, in einem durch <img loading=\"lazy\" decoding=\"async\" class=\"wp-image-140 alignleft\" src=\"https:\/\/anton-vogel.de\/wp-content\/uploads\/2022\/09\/lockenkind-ausschnitt-217x300.jpg\" alt=\"\" width=\"106\" height=\"147\" srcset=\"https:\/\/anton-vogel.de\/wp-content\/uploads\/2022\/09\/lockenkind-ausschnitt-217x300.jpg 217w, https:\/\/anton-vogel.de\/wp-content\/uploads\/2022\/09\/lockenkind-ausschnitt-739x1024.jpg 739w, https:\/\/anton-vogel.de\/wp-content\/uploads\/2022\/09\/lockenkind-ausschnitt-768x1064.jpg 768w, https:\/\/anton-vogel.de\/wp-content\/uploads\/2022\/09\/lockenkind-ausschnitt.jpg 800w\" sizes=\"auto, (max-width: 106px) 100vw, 106px\" \/>und durch katholischen Umfeld. Meine Eltern waren von diesem katholischen Umfeld, einer Kindheit in einer d\u00f6rflichen Umgebung und ihren Erfahrungen im Faschismus und Krieg gezeichnet.\u00a0 Sie begegneten sich nach dem Krieg und fanden sich in dem Wunsch, sich eine neue und materiell sichere Existenz aufbauen zu wollen. Ihre Kinder, mein \u00e4lterer Bruder und ich, sollten es einmal besser haben. <\/span><\/p>\n<p><span style=\"color: #666699;\">Dabei ging es ihnen nach den vielen Entbehrungen, die sie erleben mussten vor allem um eine gute materielle und berufliche Situation. So war ihr Alltag von der vielen Arbeit in einem von ihnen begr\u00fcndeten Gesch\u00e4fthaushalt bestimmt, f\u00fcr ein entspanntes Miteinander und gemeinsame Aktivit\u00e4ten mit uns Kindern blieb da wenig Zeit. <\/span><\/p>\n<p><span style=\"color: #666699;\">F\u00fcr mich bedeutete dies von Anfang an, dass ich das, was ich an k\u00f6rperlicher F\u00fcrsorge und Liebe insbesondere als Baby und Kleinkind ben\u00f6tigt h\u00e4tte, nur begrenzt bekam. So entwickelte ich,\u00a0 nachdem ich mit einem Monat bereits zwei Mal an einem Leistenbruch operiert werden musste, mit drei Monaten eine schwere Rachitis. Diese musste in einem Sanatorium, fern meiner Eltern behandelt werden.\u00a0 Aufgrund dessen war ich\u00a0 f\u00fcr zwei Monate von ihnen getrennt. Das durch diese existenzellen Bedrohungen, emotionalen Entbehrungen und\u00a0 unsicheren Bindungserfahrungen erlebte Entwicklungstrauma hat mein weiteres Leben und meine Pers\u00f6nlichkeit nachhaltig gepr\u00e4gt.\u00a0 <\/span><\/p>\n<p><span style=\"color: #666699;\">Wie ich in einer sp\u00e4teren k\u00f6rpertherapeutischen Sitzung erinnerte, traf ich jedoch schon mit ein oder zwei Jahren f\u00fcr mich die Entscheidung, mir das, was ich als Kind an Liebe und Bejahung meiner Pers\u00f6nlichkeit und meiner Interessen vermissen musste, im sp\u00e4teren Leben holen zu wollen.<\/span><\/p>\n<p><span style=\"color: #666699;\"><img loading=\"lazy\" decoding=\"async\" class=\" wp-image-143 alignleft\" src=\"https:\/\/anton-vogel.de\/wp-content\/uploads\/2022\/09\/IMGP0671-300x225.jpg\" alt=\"\" width=\"163\" height=\"122\" srcset=\"https:\/\/anton-vogel.de\/wp-content\/uploads\/2022\/09\/IMGP0671-300x225.jpg 300w, https:\/\/anton-vogel.de\/wp-content\/uploads\/2022\/09\/IMGP0671-1024x768.jpg 1024w, https:\/\/anton-vogel.de\/wp-content\/uploads\/2022\/09\/IMGP0671-768x576.jpg 768w, https:\/\/anton-vogel.de\/wp-content\/uploads\/2022\/09\/IMGP0671-1536x1152.jpg 1536w, https:\/\/anton-vogel.de\/wp-content\/uploads\/2022\/09\/IMGP0671.jpg 2048w\" sizes=\"auto, (max-width: 163px) 100vw, 163px\" \/>Und so habe ich mit 25 Jahren begonnen mich intensiv mit meiner pers\u00f6nlichen Geschichte auseinanderzusetzen und mir mit Hilfe verschiedener Therapien und therapeutischer Ausbildungen, sowie auch meiner Ausbildung zum Biodanzalehrer,\u00a0 das was ich als Kind nicht bekommen habe, nachzuholen, sodass ich selbstsicherer und mutiger wurde. So konnte ich mir ein immer besserer Vater werden und\u00a0 mich auch mit meinen verletzten und unsicheren Anteilen, mit meinen \u00c4ngsten und meinen Gef\u00fchlen von Einsamkeit lieben und annehmen und meine Befindlichkeit immer besser selbst regulieren. Und indem ich mich mit allem was zu mir geh\u00f6rt, auch in Beziehung zu anderen begeben und dadurch diese Beziehungen tiefer, lebendiger und umfassender gestalten kann, erfahrfe ich dort noch weitere Unterst\u00fctzung, Erf\u00fcllung und Heilung. <\/span><\/p>\n<p>x<\/p>\n","protected":false},"excerpt":{"rendered":"<p>Pers\u00f6nliches Aufgewachsen bin ich in S\u00fcdoldenburg, in einem durch und durch katholischen Umfeld. Meine Eltern waren von diesem katholischen Umfeld, einer Kindheit in einer d\u00f6rflichen Umgebung und ihren Erfahrungen im Faschismus und Krieg gezeichnet.\u00a0 Sie begegneten sich nach dem Krieg und fanden sich in dem Wunsch, sich eine neue und materiell sichere Existenz aufbauen zu &hellip; <\/p>\n<p class=\"link-more\"><a href=\"https:\/\/anton-vogel.de\/?page_id=131\" class=\"more-link\"><span class=\"screen-reader-text\">\u201eMein pers\u00f6nlicher Hintergrund\u201c<\/span> weiterlesen<\/a><\/p>\n","protected":false},"author":1,"featured_media":0,"parent":0,"menu_order":0,"comment_status":"closed","ping_status":"closed","template":"","meta":{"footnotes":""},"class_list":["post-131","page","type-page","status-publish","hentry"],"_links":{"self":[{"href":"https:\/\/anton-vogel.de\/index.php?rest_route=\/wp\/v2\/pages\/131","targetHints":{"allow":["GET"]}}],"collection":[{"href":"https:\/\/anton-vogel.de\/index.php?rest_route=\/wp\/v2\/pages"}],"about":[{"href":"https:\/\/anton-vogel.de\/index.php?rest_route=\/wp\/v2\/types\/page"}],"author":[{"embeddable":true,"href":"https:\/\/anton-vogel.de\/index.php?rest_route=\/wp\/v2\/users\/1"}],"replies":[{"embeddable":true,"href":"https:\/\/anton-vogel.de\/index.php?rest_route=%2Fwp%2Fv2%2Fcomments&post=131"}],"version-history":[{"count":10,"href":"https:\/\/anton-vogel.de\/index.php?rest_route=\/wp\/v2\/pages\/131\/revisions"}],"predecessor-version":[{"id":195,"href":"https:\/\/anton-vogel.de\/index.php?rest_route=\/wp\/v2\/pages\/131\/revisions\/195"}],"wp:attachment":[{"href":"https:\/\/anton-vogel.de\/index.php?rest_route=%2Fwp%2Fv2%2Fmedia&parent=131"}],"curies":[{"name":"wp","href":"https:\/\/api.w.org\/{rel}","templated":true}]}}