{"id":160,"date":"2022-09-26T09:45:33","date_gmt":"2022-09-26T09:45:33","guid":{"rendered":"https:\/\/anton-vogel.de\/?page_id=160"},"modified":"2022-09-27T14:53:52","modified_gmt":"2022-09-27T14:53:52","slug":"160-2","status":"publish","type":"page","link":"https:\/\/anton-vogel.de\/?page_id=160","title":{"rendered":"Ort und Kosten"},"content":{"rendered":"<h1>Rahmenbedingungen und Kosten<\/h1>\n<p>Wir vereinbaren zun\u00e4chst einen ersten Schnuppertermin zum gegenseitigen Kennenlernen. Danach entscheidet jedeR von uns, ob wir uns auf einen weiteren gemeinsamen Weg machen wollen.<\/p>\n<p>Unsere Treffen dauern etwa 60 Minuten (Paargespr\u00e4che 90 Minuten) und finden in der Regel auf dem Plendelhof in Bassum, Gro\u00df Henstedt 4 statt. Alternativ k\u00f6nnen wir auch einen gemeinsamen Waldspaziergang vereinbaren.<\/p>\n<p>Du bestimmst selbst wieviel Geld Du mir daf\u00fcr geben m\u00f6chtest, meine Mindesthonorar betr\u00e4gt 50 \u20ac pro Stunde, also bei Paargespr\u00e4chen 75 \u20ac (zur Orientierung: 50 Minuten Psychotherapie kosten nach den aktuellen\u00a0 Regels\u00e4tzen\u00a0 85,50 \u20ac )<\/p>\n<p>Wenn Du ein vereinbartes Treffen bis 24 Stunden vor dem Termin absagst, entstehen Dir daf\u00fcr keine Kosten, danach musst du das Treffen auch bei Nichtinanspruchnahme bezahlen.<\/p>\n","protected":false},"excerpt":{"rendered":"<p>Rahmenbedingungen und Kosten Wir vereinbaren zun\u00e4chst einen ersten Schnuppertermin zum gegenseitigen Kennenlernen. Danach entscheidet jedeR von uns, ob wir uns auf einen weiteren gemeinsamen Weg machen wollen. Unsere Treffen dauern etwa 60 Minuten (Paargespr\u00e4che 90 Minuten) und finden in der Regel auf dem Plendelhof in Bassum, Gro\u00df Henstedt 4 statt. Alternativ k\u00f6nnen wir auch einen &hellip; <\/p>\n<p class=\"link-more\"><a href=\"https:\/\/anton-vogel.de\/?page_id=160\" class=\"more-link\"><span class=\"screen-reader-text\">\u201eOrt und Kosten\u201c<\/span> weiterlesen<\/a><\/p>\n","protected":false},"author":1,"featured_media":0,"parent":0,"menu_order":0,"comment_status":"closed","ping_status":"closed","template":"","meta":{"footnotes":""},"class_list":["post-160","page","type-page","status-publish","hentry"],"_links":{"self":[{"href":"https:\/\/anton-vogel.de\/index.php?rest_route=\/wp\/v2\/pages\/160","targetHints":{"allow":["GET"]}}],"collection":[{"href":"https:\/\/anton-vogel.de\/index.php?rest_route=\/wp\/v2\/pages"}],"about":[{"href":"https:\/\/anton-vogel.de\/index.php?rest_route=\/wp\/v2\/types\/page"}],"author":[{"embeddable":true,"href":"https:\/\/anton-vogel.de\/index.php?rest_route=\/wp\/v2\/users\/1"}],"replies":[{"embeddable":true,"href":"https:\/\/anton-vogel.de\/index.php?rest_route=%2Fwp%2Fv2%2Fcomments&post=160"}],"version-history":[{"count":4,"href":"https:\/\/anton-vogel.de\/index.php?rest_route=\/wp\/v2\/pages\/160\/revisions"}],"predecessor-version":[{"id":192,"href":"https:\/\/anton-vogel.de\/index.php?rest_route=\/wp\/v2\/pages\/160\/revisions\/192"}],"wp:attachment":[{"href":"https:\/\/anton-vogel.de\/index.php?rest_route=%2Fwp%2Fv2%2Fmedia&parent=160"}],"curies":[{"name":"wp","href":"https:\/\/api.w.org\/{rel}","templated":true}]}}