{"id":203,"date":"2022-09-27T15:03:23","date_gmt":"2022-09-27T15:03:23","guid":{"rendered":"https:\/\/anton-vogel.de\/?page_id=203"},"modified":"2023-01-25T08:22:45","modified_gmt":"2023-01-25T08:22:45","slug":"ueber-mich-2","status":"publish","type":"page","link":"https:\/\/anton-vogel.de\/?page_id=203","title":{"rendered":"\u00dcber mich"},"content":{"rendered":"<h1><strong>Schule und Ausbildungen<br \/>\n<\/strong><\/h1>\n<ul>\n<li>\n<ul>\n<li>Gymnasium Antonianum Vechta<\/li>\n<li>Fachoberschule Technik Lohne<\/li>\n<li>Sozialp\u00e4dagogistudium in Braunschweig<\/li>\n<li>Einj\u00e4hriges Co-Couceling in Biodynamischer K\u00f6rperpsychotherapie (Neuenkirchen\/V\u00f6rden)<\/li>\n<li>Dreij\u00e4hrige Gestaltherapieausbildung beim Institut Heel (Niederlande)<\/li>\n<li>Einj\u00e4hriges Zusatzcurriculum Suchttherapie am HIGW (Hamburg) mit Anerkennung durch die DRV (Deutsche Rentenversicherung)<\/li>\n<li>Dreij\u00e4hrige Ausbildung zum Biodanzalehrer an der Biodanzaschule Hamburg<\/li>\n<li>Teilnahme an der dreij\u00e4hrigen Integralis-Beraterausbildung (Bremen\/Hamburg)<\/li>\n<\/ul>\n<\/li>\n<\/ul>\n<p>&nbsp;<\/p>\n<h1>Berufliche Erfahrung<\/h1>\n<h1><img loading=\"lazy\" decoding=\"async\" class=\"wp-image-139 alignleft\" src=\"https:\/\/anton-vogel.de\/wp-content\/uploads\/2022\/09\/20200322_165413-2-263x300.jpg\" alt=\"\" width=\"122\" height=\"140\" srcset=\"https:\/\/anton-vogel.de\/wp-content\/uploads\/2022\/09\/20200322_165413-2-263x300.jpg 263w, https:\/\/anton-vogel.de\/wp-content\/uploads\/2022\/09\/20200322_165413-2.jpg 591w\" sizes=\"auto, (max-width: 122px) 100vw, 122px\" \/><\/h1>\n<ul>\n<li>\n<ul>\n<li>\n<ul>\n<li>\n<ul>\n<li>\n<ul>\n<li>\n<ul>\n<li>\n<ul>\n<li>\n<ul>\n<li>35 Jahre T\u00e4tigkeit als Suchttherapeut in der Suchtberatungsstelle Vechta<\/li>\n<li>5 Jahre Berufst\u00e4tigkit in der Suchtberatungsstelle release in Stuhr und Bassum<\/li>\n<li>12 Jahre nebenberufliche T\u00e4tigkeit als <a href=\"http:\/\/biodanza-bassunm.de\">Biodanzalehrer<\/a> in Vechta, Diepholz und Bassum<\/li>\n<\/ul>\n<\/li>\n<\/ul>\n<\/li>\n<\/ul>\n<\/li>\n<\/ul>\n<\/li>\n<\/ul>\n<\/li>\n<\/ul>\n<\/li>\n<\/ul>\n<\/li>\n<\/ul>\n<p>&nbsp;<\/p>\n<h1><a href=\"https:\/\/anton-vogel.de\/?page_id=131\">Mein Leben &#8211; mein gr\u00f6\u00dfter Lehrmeister<\/a><\/h1>\n<p>&nbsp;<\/p>\n","protected":false},"excerpt":{"rendered":"<p>Schule und Ausbildungen Gymnasium Antonianum Vechta Fachoberschule Technik Lohne Sozialp\u00e4dagogistudium in Braunschweig Einj\u00e4hriges Co-Couceling in Biodynamischer K\u00f6rperpsychotherapie (Neuenkirchen\/V\u00f6rden) Dreij\u00e4hrige Gestaltherapieausbildung beim Institut Heel (Niederlande) Einj\u00e4hriges Zusatzcurriculum Suchttherapie am HIGW (Hamburg) mit Anerkennung durch die DRV (Deutsche Rentenversicherung) Dreij\u00e4hrige Ausbildung zum Biodanzalehrer an der Biodanzaschule Hamburg Teilnahme an der dreij\u00e4hrigen Integralis-Beraterausbildung (Bremen\/Hamburg) &nbsp; Berufliche Erfahrung 35 &hellip; <\/p>\n<p class=\"link-more\"><a href=\"https:\/\/anton-vogel.de\/?page_id=203\" class=\"more-link\"><span class=\"screen-reader-text\">\u201e\u00dcber mich\u201c<\/span> weiterlesen<\/a><\/p>\n","protected":false},"author":1,"featured_media":0,"parent":0,"menu_order":0,"comment_status":"closed","ping_status":"closed","template":"","meta":{"footnotes":""},"class_list":["post-203","page","type-page","status-publish","hentry"],"_links":{"self":[{"href":"https:\/\/anton-vogel.de\/index.php?rest_route=\/wp\/v2\/pages\/203","targetHints":{"allow":["GET"]}}],"collection":[{"href":"https:\/\/anton-vogel.de\/index.php?rest_route=\/wp\/v2\/pages"}],"about":[{"href":"https:\/\/anton-vogel.de\/index.php?rest_route=\/wp\/v2\/types\/page"}],"author":[{"embeddable":true,"href":"https:\/\/anton-vogel.de\/index.php?rest_route=\/wp\/v2\/users\/1"}],"replies":[{"embeddable":true,"href":"https:\/\/anton-vogel.de\/index.php?rest_route=%2Fwp%2Fv2%2Fcomments&post=203"}],"version-history":[{"count":6,"href":"https:\/\/anton-vogel.de\/index.php?rest_route=\/wp\/v2\/pages\/203\/revisions"}],"predecessor-version":[{"id":233,"href":"https:\/\/anton-vogel.de\/index.php?rest_route=\/wp\/v2\/pages\/203\/revisions\/233"}],"wp:attachment":[{"href":"https:\/\/anton-vogel.de\/index.php?rest_route=%2Fwp%2Fv2%2Fmedia&parent=203"}],"curies":[{"name":"wp","href":"https:\/\/api.w.org\/{rel}","templated":true}]}}