{"id":30,"date":"2022-09-05T10:19:14","date_gmt":"2022-09-05T10:19:14","guid":{"rendered":"https:\/\/anton-vogel.de\/?page_id=30"},"modified":"2022-09-29T17:34:48","modified_gmt":"2022-09-29T17:34:48","slug":"startseite","status":"publish","type":"page","link":"https:\/\/anton-vogel.de\/","title":{"rendered":""},"content":{"rendered":"<h1><span style=\"color: #333333;\">W\u00e4re sch\u00f6n, wenn es da jemanden gibt, der dich auf deinem Lebensweg ein St\u00fcck begleitet &#8230;<\/span><\/h1>\n<p><span style=\"color: #666699;\">Du brauchst jemanden, der einfach regelm\u00e4\u00dfig Zeit f\u00fcr Dich hat, eine Zeit, wo es nur um Dich, deine Fragen, deine aktuellen Herausforderungen, deine Gedanken und um deine Gef\u00fchle und Befindlichkeiten geht, und darum, dich damit anzunehmen und damit einen guten Weg zu finden &#8230;<\/span><\/p>\n<p><span style=\"color: #666699;\">Jemanden, mit dem die Chemie stimmt und der dir ein guter Zuh\u00f6rer ist, der dir Raum l\u00e4\u00dft, damit Du zu Dir findest, zu dem was Dich wirklich ausmacht, jemand bei dem du wirkliches Verst\u00e4ndnis findest und bei dem du dich so angenommen f\u00fchlen kannst, wie du bist, bei dem deine ganzen Unsicherheiten und Selbstzweifel Platz haben, deine Schw\u00e4chen, dein Kleinsein &#8230; genauso wie deine St\u00e4rken, Deine F\u00e4higkeiten und Ressourcen, deine Gr\u00f6\u00dfe<\/span><\/p>\n<p><span style=\"color: #666699;\">Jemand, der wei\u00df und selbst erfahren hat, dass diese Gef\u00fchle von Schw\u00e4che und die \u00c4ngste vor denen du so gerne wegl\u00e4ufst, in Wirklichkeit ein gro\u00dfer Schatz sind, weil in ihnen deine ganze urspr\u00fcngliche Lebendigkeit und Kraft liegen, die dich stark und ganz machen &#8230;<\/span><\/p>\n<p><span style=\"color: #666699;\">sodass sich dein Potential weiter entfalten, neue Ideen sprudeln k\u00f6nnen und du die Energie, um diese in die Welt zu bringen wieder anzapfen kannst<\/span><\/p>\n<p><span style=\"color: #666699;\">Und jemand, der dir hilft, dich nicht in deinen Zweifeln und \u00c4ngsten zu verlieren oder dich dahinter zu verstecken, und der b\u00f6sen Welt die Verantwortung f\u00fcr deine Misere anzulasten, sondern den Mut zu finden, selbst die Verantwortung f\u00fcr dich und dein Leben zu \u00fcbernehmen um dich mit alldem was zu dir geh\u00f6rt immer besser selbst regulieren zu k\u00f6nnen, um wirklich frei zu sein.<\/span><\/p>\n<p>&nbsp;<\/p>\n","protected":false},"excerpt":{"rendered":"<p>W\u00e4re sch\u00f6n, wenn es da jemanden gibt, der dich auf deinem Lebensweg ein St\u00fcck begleitet &#8230; Du brauchst jemanden, der einfach regelm\u00e4\u00dfig Zeit f\u00fcr Dich hat, eine Zeit, wo es nur um Dich, deine Fragen, deine aktuellen Herausforderungen, deine Gedanken und um deine Gef\u00fchle und Befindlichkeiten geht, und darum, dich damit anzunehmen und damit einen &hellip; <\/p>\n<p class=\"link-more\"><a href=\"https:\/\/anton-vogel.de\/\" class=\"more-link\"><span class=\"screen-reader-text\">\u201e\u201c<\/span> weiterlesen<\/a><\/p>\n","protected":false},"author":1,"featured_media":0,"parent":0,"menu_order":1,"comment_status":"closed","ping_status":"closed","template":"","meta":{"footnotes":""},"class_list":["post-30","page","type-page","status-publish","hentry"],"_links":{"self":[{"href":"https:\/\/anton-vogel.de\/index.php?rest_route=\/wp\/v2\/pages\/30","targetHints":{"allow":["GET"]}}],"collection":[{"href":"https:\/\/anton-vogel.de\/index.php?rest_route=\/wp\/v2\/pages"}],"about":[{"href":"https:\/\/anton-vogel.de\/index.php?rest_route=\/wp\/v2\/types\/page"}],"author":[{"embeddable":true,"href":"https:\/\/anton-vogel.de\/index.php?rest_route=\/wp\/v2\/users\/1"}],"replies":[{"embeddable":true,"href":"https:\/\/anton-vogel.de\/index.php?rest_route=%2Fwp%2Fv2%2Fcomments&post=30"}],"version-history":[{"count":10,"href":"https:\/\/anton-vogel.de\/index.php?rest_route=\/wp\/v2\/pages\/30\/revisions"}],"predecessor-version":[{"id":221,"href":"https:\/\/anton-vogel.de\/index.php?rest_route=\/wp\/v2\/pages\/30\/revisions\/221"}],"wp:attachment":[{"href":"https:\/\/anton-vogel.de\/index.php?rest_route=%2Fwp%2Fv2%2Fmedia&parent=30"}],"curies":[{"name":"wp","href":"https:\/\/api.w.org\/{rel}","templated":true}]}}